{"id":153,"date":"2023-03-21T16:55:04","date_gmt":"2023-03-21T16:55:04","guid":{"rendered":"https:\/\/www.concordiainvest.cz\/?page_id=153"},"modified":"2023-09-12T18:18:51","modified_gmt":"2023-09-12T18:18:51","slug":"concordiainvest-cz-zpravy","status":"publish","type":"page","link":"https:\/\/www.concordiainvest.cz\/?page_id=153","title":{"rendered":"M\u011bs\u00ed\u010dn\u00ed reporty"},"content":{"rendered":"\n<p>P\u0159\u00edslu\u0161en\u00e9 obdob\u00ed odpov\u00edd\u00e1 n\u00e1zvu souboru dle syntaxe &#8222;I\u010cO&#8230;._YYMMDD&#8220;. <\/p>\n\n\n\n<p><\/p>\n\n\n\n<p><strong>Rok 2023<\/strong><\/p>\n\n\n\n<div class=\"wp-block-file\"><a id=\"wp-block-file--media-113f7691-6123-4d98-9e68-5f61de99e341\" href=\"https:\/\/www.concordiainvest.cz\/wp-content\/uploads\/2023\/09\/45245282_230331-1.xls\"><br>45245282_230331-1<\/a><a href=\"https:\/\/www.concordiainvest.cz\/wp-content\/uploads\/2023\/09\/45245282_230331-1.xls\" class=\"wp-block-file__button wp-element-button\" download aria-describedby=\"wp-block-file--media-113f7691-6123-4d98-9e68-5f61de99e341\">St\u00e1hnout<\/a><\/div>\n\n\n\n<div class=\"wp-block-file\"><a id=\"wp-block-file--media-4c755c40-c585-4b47-9a0d-b2b1f0791bdc\" href=\"https:\/\/www.concordiainvest.cz\/wp-content\/uploads\/2023\/09\/45245282_230228-1.xls\">45245282_230228-1<\/a><a href=\"https:\/\/www.concordiainvest.cz\/wp-content\/uploads\/2023\/09\/45245282_230228-1.xls\" class=\"wp-block-file__button wp-element-button\" download aria-describedby=\"wp-block-file--media-4c755c40-c585-4b47-9a0d-b2b1f0791bdc\">St\u00e1hnout<\/a><\/div>\n\n\n\n<div class=\"wp-block-file\"><a id=\"wp-block-file--media-83e9caa2-4b43-4ee2-905a-86bf4ef8e949\" href=\"https:\/\/www.concordiainvest.cz\/wp-content\/uploads\/2023\/09\/45245282_230131-1.xls\">45245282_230131-1<\/a><a href=\"https:\/\/www.concordiainvest.cz\/wp-content\/uploads\/2023\/09\/45245282_230131-1.xls\" class=\"wp-block-file__button wp-element-button\" download aria-describedby=\"wp-block-file--media-83e9caa2-4b43-4ee2-905a-86bf4ef8e949\">St\u00e1hnout<\/a><\/div>\n\n\n\n<div class=\"wp-block-file\"><a id=\"wp-block-file--media-69481b8f-cd32-46a6-a2ea-205836bb1826\" href=\"https:\/\/www.concordiainvest.cz\/wp-content\/uploads\/2023\/09\/45245282_230630-1.xls\">45245282_230630-1<\/a><a href=\"https:\/\/www.concordiainvest.cz\/wp-content\/uploads\/2023\/09\/45245282_230630-1.xls\" class=\"wp-block-file__button wp-element-button\" download aria-describedby=\"wp-block-file--media-69481b8f-cd32-46a6-a2ea-205836bb1826\">St\u00e1hnout<\/a><\/div>\n\n\n\n<div class=\"wp-block-file\"><a id=\"wp-block-file--media-88b45638-9dcb-4334-bed7-8f9f87420bab\" href=\"https:\/\/www.concordiainvest.cz\/wp-content\/uploads\/2023\/09\/45245282_230531-1.xls\">45245282_230531-1<\/a><a href=\"https:\/\/www.concordiainvest.cz\/wp-content\/uploads\/2023\/09\/45245282_230531-1.xls\" class=\"wp-block-file__button wp-element-button\" download aria-describedby=\"wp-block-file--media-88b45638-9dcb-4334-bed7-8f9f87420bab\">St\u00e1hnout<\/a><\/div>\n\n\n\n<div class=\"wp-block-file\"><a id=\"wp-block-file--media-e59f2b4f-518b-46ca-8be1-2ecb655de278\" href=\"https:\/\/www.concordiainvest.cz\/wp-content\/uploads\/2023\/09\/45245282_230430-1.xls\">45245282_230430-1<\/a><a href=\"https:\/\/www.concordiainvest.cz\/wp-content\/uploads\/2023\/09\/45245282_230430-1.xls\" class=\"wp-block-file__button wp-element-button\" download aria-describedby=\"wp-block-file--media-e59f2b4f-518b-46ca-8be1-2ecb655de278\">St\u00e1hnout<\/a><\/div>\n\n\n\n<p><\/p>\n\n\n\n<p><strong>Rok 2022<\/strong><\/p>\n\n\n\n<div class=\"wp-block-file\"><a id=\"wp-block-file--media-450b44ae-6f36-4161-9db8-2c3cf12a6742\" href=\"https:\/\/www.concordiainvest.cz\/wp-content\/uploads\/2023\/03\/45245282_220430-2.xls\">45245282_220430-2<\/a><a href=\"https:\/\/www.concordiainvest.cz\/wp-content\/uploads\/2023\/03\/45245282_220430-2.xls\" class=\"wp-block-file__button wp-element-button\" download aria-describedby=\"wp-block-file--media-450b44ae-6f36-4161-9db8-2c3cf12a6742\">St\u00e1hnout<\/a><\/div>\n\n\n\n<div class=\"wp-block-file\"><a id=\"wp-block-file--media-99a91cc6-4517-441b-b56f-8a65686ac9bf\" href=\"https:\/\/www.concordiainvest.cz\/wp-content\/uploads\/2023\/03\/45245282_220331-2.xls\">45245282_220331-2<\/a><a href=\"https:\/\/www.concordiainvest.cz\/wp-content\/uploads\/2023\/03\/45245282_220331-2.xls\" class=\"wp-block-file__button wp-element-button\" download aria-describedby=\"wp-block-file--media-99a91cc6-4517-441b-b56f-8a65686ac9bf\">St\u00e1hnout<\/a><\/div>\n\n\n\n<div class=\"wp-block-file\"><a id=\"wp-block-file--media-2187c9b1-8df0-468f-ba90-53758b0f2524\" href=\"https:\/\/www.concordiainvest.cz\/wp-content\/uploads\/2023\/03\/45245282_220228-2.xls\">45245282_220228-2<\/a><a href=\"https:\/\/www.concordiainvest.cz\/wp-content\/uploads\/2023\/03\/45245282_220228-2.xls\" class=\"wp-block-file__button wp-element-button\" download aria-describedby=\"wp-block-file--media-2187c9b1-8df0-468f-ba90-53758b0f2524\">St\u00e1hnout<\/a><\/div>\n\n\n\n<div class=\"wp-block-file\"><a id=\"wp-block-file--media-78f6f99b-fbcd-4c56-9a9d-95b088a20be1\" href=\"https:\/\/www.concordiainvest.cz\/wp-content\/uploads\/2023\/03\/45245282_220131-2.xls\">45245282_220131-2<\/a><a href=\"https:\/\/www.concordiainvest.cz\/wp-content\/uploads\/2023\/03\/45245282_220131-2.xls\" class=\"wp-block-file__button wp-element-button\" download aria-describedby=\"wp-block-file--media-78f6f99b-fbcd-4c56-9a9d-95b088a20be1\">St\u00e1hnout<\/a><\/div>\n\n\n\n<div class=\"wp-block-file\"><a id=\"wp-block-file--media-f6f9c7e1-8d37-4140-8787-9d47f670d90a\" href=\"https:\/\/www.concordiainvest.cz\/wp-content\/uploads\/2023\/03\/45245282_221231-2.xls\">45245282_221231-2<\/a><a href=\"https:\/\/www.concordiainvest.cz\/wp-content\/uploads\/2023\/03\/45245282_221231-2.xls\" class=\"wp-block-file__button wp-element-button\" download aria-describedby=\"wp-block-file--media-f6f9c7e1-8d37-4140-8787-9d47f670d90a\">St\u00e1hnout<\/a><\/div>\n\n\n\n<div class=\"wp-block-file\"><a id=\"wp-block-file--media-232c84e1-eb83-4bf1-95e6-2e484b452615\" href=\"https:\/\/www.concordiainvest.cz\/wp-content\/uploads\/2023\/03\/45245282_221130-2.xls\">45245282_221130-2<\/a><a href=\"https:\/\/www.concordiainvest.cz\/wp-content\/uploads\/2023\/03\/45245282_221130-2.xls\" class=\"wp-block-file__button wp-element-button\" download aria-describedby=\"wp-block-file--media-232c84e1-eb83-4bf1-95e6-2e484b452615\">St\u00e1hnout<\/a><\/div>\n\n\n\n<div class=\"wp-block-file\"><a id=\"wp-block-file--media-f1ba49f4-82b0-473e-96cf-53996279e6a8\" href=\"https:\/\/www.concordiainvest.cz\/wp-content\/uploads\/2023\/03\/45245282_221031-2.xls\">45245282_221031-2<\/a><a href=\"https:\/\/www.concordiainvest.cz\/wp-content\/uploads\/2023\/03\/45245282_221031-2.xls\" class=\"wp-block-file__button wp-element-button\" download aria-describedby=\"wp-block-file--media-f1ba49f4-82b0-473e-96cf-53996279e6a8\">St\u00e1hnout<\/a><\/div>\n\n\n\n<div class=\"wp-block-file\"><a id=\"wp-block-file--media-3d7251c0-7cd1-4577-ae5b-42660622c4b9\" href=\"https:\/\/www.concordiainvest.cz\/wp-content\/uploads\/2023\/03\/45245282_220930-2.xls\">45245282_220930-2<\/a><a href=\"https:\/\/www.concordiainvest.cz\/wp-content\/uploads\/2023\/03\/45245282_220930-2.xls\" class=\"wp-block-file__button wp-element-button\" download aria-describedby=\"wp-block-file--media-3d7251c0-7cd1-4577-ae5b-42660622c4b9\">St\u00e1hnout<\/a><\/div>\n\n\n\n<div class=\"wp-block-file\"><a id=\"wp-block-file--media-470b5938-6aff-43c0-9c52-b10145b39964\" href=\"https:\/\/www.concordiainvest.cz\/wp-content\/uploads\/2023\/03\/45245282_220831-2.xls\">45245282_220831-2<\/a><a href=\"https:\/\/www.concordiainvest.cz\/wp-content\/uploads\/2023\/03\/45245282_220831-2.xls\" class=\"wp-block-file__button wp-element-button\" download aria-describedby=\"wp-block-file--media-470b5938-6aff-43c0-9c52-b10145b39964\">St\u00e1hnout<\/a><\/div>\n\n\n\n<div class=\"wp-block-file\"><a id=\"wp-block-file--media-31577b7e-2acc-41b4-9e6b-9e37aed319a2\" href=\"https:\/\/www.concordiainvest.cz\/wp-content\/uploads\/2023\/03\/45245282_220731-2.xls\">45245282_220731-2<\/a><a href=\"https:\/\/www.concordiainvest.cz\/wp-content\/uploads\/2023\/03\/45245282_220731-2.xls\" class=\"wp-block-file__button wp-element-button\" download aria-describedby=\"wp-block-file--media-31577b7e-2acc-41b4-9e6b-9e37aed319a2\">St\u00e1hnout<\/a><\/div>\n\n\n\n<div class=\"wp-block-file\"><a id=\"wp-block-file--media-9177887e-af0e-411a-b0e4-397ce180a9ac\" href=\"https:\/\/www.concordiainvest.cz\/wp-content\/uploads\/2023\/03\/45245282_220630-2.xls\">45245282_220630-2<\/a><a href=\"https:\/\/www.concordiainvest.cz\/wp-content\/uploads\/2023\/03\/45245282_220630-2.xls\" class=\"wp-block-file__button wp-element-button\" download aria-describedby=\"wp-block-file--media-9177887e-af0e-411a-b0e4-397ce180a9ac\">St\u00e1hnout<\/a><\/div>\n\n\n\n<div class=\"wp-block-file\"><a id=\"wp-block-file--media-f74362a3-8c4e-4460-aab6-c58cff2b457f\" href=\"https:\/\/www.concordiainvest.cz\/wp-content\/uploads\/2023\/03\/45245282_220531-2.xls\">45245282_220531-2<\/a><a href=\"https:\/\/www.concordiainvest.cz\/wp-content\/uploads\/2023\/03\/45245282_220531-2.xls\" class=\"wp-block-file__button wp-element-button\" download aria-describedby=\"wp-block-file--media-f74362a3-8c4e-4460-aab6-c58cff2b457f\">St\u00e1hnout<\/a><\/div>\n\n\n\n<p><strong>Rok 2021<\/strong><\/p>\n\n\n\n<div class=\"wp-block-file\"><a id=\"wp-block-file--media-f7f785b3-0725-4dd5-9cf4-60596758ef0a\" href=\"https:\/\/www.concordiainvest.cz\/wp-content\/uploads\/2023\/03\/45245282_210531-2.xls\">45245282_210531-2<\/a><a href=\"https:\/\/www.concordiainvest.cz\/wp-content\/uploads\/2023\/03\/45245282_210531-2.xls\" class=\"wp-block-file__button wp-element-button\" download aria-describedby=\"wp-block-file--media-f7f785b3-0725-4dd5-9cf4-60596758ef0a\">St\u00e1hnout<\/a><\/div>\n\n\n\n<div class=\"wp-block-file\"><a id=\"wp-block-file--media-2c9d266f-7a63-48e5-93b0-93c80c46f9b2\" href=\"https:\/\/www.concordiainvest.cz\/wp-content\/uploads\/2023\/03\/45245282_210430-2.xls\">45245282_210430-2<\/a><a href=\"https:\/\/www.concordiainvest.cz\/wp-content\/uploads\/2023\/03\/45245282_210430-2.xls\" class=\"wp-block-file__button wp-element-button\" download aria-describedby=\"wp-block-file--media-2c9d266f-7a63-48e5-93b0-93c80c46f9b2\">St\u00e1hnout<\/a><\/div>\n\n\n\n<div class=\"wp-block-file\"><a id=\"wp-block-file--media-189f8ba5-1085-4ca8-8ddd-04a78c254ffe\" href=\"https:\/\/www.concordiainvest.cz\/wp-content\/uploads\/2023\/03\/45245282_210331-2.xls\">45245282_210331-2<\/a><a href=\"https:\/\/www.concordiainvest.cz\/wp-content\/uploads\/2023\/03\/45245282_210331-2.xls\" class=\"wp-block-file__button wp-element-button\" download aria-describedby=\"wp-block-file--media-189f8ba5-1085-4ca8-8ddd-04a78c254ffe\">St\u00e1hnout<\/a><\/div>\n\n\n\n<div class=\"wp-block-file\"><a id=\"wp-block-file--media-5ad05665-06a4-4742-9434-c9e99e619e87\" href=\"https:\/\/www.concordiainvest.cz\/wp-content\/uploads\/2023\/03\/45245282_210228-2.xls\">45245282_210228-2<\/a><a href=\"https:\/\/www.concordiainvest.cz\/wp-content\/uploads\/2023\/03\/45245282_210228-2.xls\" class=\"wp-block-file__button wp-element-button\" download aria-describedby=\"wp-block-file--media-5ad05665-06a4-4742-9434-c9e99e619e87\">St\u00e1hnout<\/a><\/div>\n\n\n\n<div class=\"wp-block-file\"><a id=\"wp-block-file--media-263c17e8-eb94-4811-9686-ce81e8d331f7\" href=\"https:\/\/www.concordiainvest.cz\/wp-content\/uploads\/2023\/03\/45245282_210131-2.xls\">45245282_210131-2<\/a><a href=\"https:\/\/www.concordiainvest.cz\/wp-content\/uploads\/2023\/03\/45245282_210131-2.xls\" class=\"wp-block-file__button wp-element-button\" download aria-describedby=\"wp-block-file--media-263c17e8-eb94-4811-9686-ce81e8d331f7\">St\u00e1hnout<\/a><\/div>\n\n\n\n<div class=\"wp-block-file\"><a id=\"wp-block-file--media-ce9cb04d-8076-40f4-8f32-f706a77ef081\" href=\"https:\/\/www.concordiainvest.cz\/wp-content\/uploads\/2023\/03\/45245282_211231-2.xls\">45245282_211231-2<\/a><a href=\"https:\/\/www.concordiainvest.cz\/wp-content\/uploads\/2023\/03\/45245282_211231-2.xls\" class=\"wp-block-file__button wp-element-button\" download aria-describedby=\"wp-block-file--media-ce9cb04d-8076-40f4-8f32-f706a77ef081\">St\u00e1hnout<\/a><\/div>\n\n\n\n<div class=\"wp-block-file\"><a id=\"wp-block-file--media-04b9319d-79bf-42e5-bfa2-308dcadcecb3\" href=\"https:\/\/www.concordiainvest.cz\/wp-content\/uploads\/2023\/03\/45245282_211130-2.xls\">45245282_211130-2<\/a><a href=\"https:\/\/www.concordiainvest.cz\/wp-content\/uploads\/2023\/03\/45245282_211130-2.xls\" class=\"wp-block-file__button wp-element-button\" download aria-describedby=\"wp-block-file--media-04b9319d-79bf-42e5-bfa2-308dcadcecb3\">St\u00e1hnout<\/a><\/div>\n\n\n\n<div class=\"wp-block-file\"><a id=\"wp-block-file--media-cd980e5a-4e8d-4ebe-bddf-d9a01bc4e1cb\" href=\"https:\/\/www.concordiainvest.cz\/wp-content\/uploads\/2023\/03\/45245282_211031-2.xls\">45245282_211031-2<\/a><a href=\"https:\/\/www.concordiainvest.cz\/wp-content\/uploads\/2023\/03\/45245282_211031-2.xls\" class=\"wp-block-file__button wp-element-button\" download aria-describedby=\"wp-block-file--media-cd980e5a-4e8d-4ebe-bddf-d9a01bc4e1cb\">St\u00e1hnout<\/a><\/div>\n\n\n\n<div class=\"wp-block-file\"><a id=\"wp-block-file--media-18bfc555-8b49-4dc7-b1ed-fac58e14e096\" href=\"https:\/\/www.concordiainvest.cz\/wp-content\/uploads\/2023\/03\/45245282_210930-2.xls\">45245282_210930-2<\/a><a href=\"https:\/\/www.concordiainvest.cz\/wp-content\/uploads\/2023\/03\/45245282_210930-2.xls\" class=\"wp-block-file__button wp-element-button\" download aria-describedby=\"wp-block-file--media-18bfc555-8b49-4dc7-b1ed-fac58e14e096\">St\u00e1hnout<\/a><\/div>\n\n\n\n<div class=\"wp-block-file\"><a id=\"wp-block-file--media-3481891e-0476-45af-8ab0-9f0037ff7c0e\" href=\"https:\/\/www.concordiainvest.cz\/wp-content\/uploads\/2023\/03\/45245282_210831-2.xls\">45245282_210831-2<\/a><a href=\"https:\/\/www.concordiainvest.cz\/wp-content\/uploads\/2023\/03\/45245282_210831-2.xls\" class=\"wp-block-file__button wp-element-button\" download aria-describedby=\"wp-block-file--media-3481891e-0476-45af-8ab0-9f0037ff7c0e\">St\u00e1hnout<\/a><\/div>\n\n\n\n<div class=\"wp-block-file\"><a id=\"wp-block-file--media-8e232291-2b5f-4648-bd29-8f8928d906cd\" href=\"https:\/\/www.concordiainvest.cz\/wp-content\/uploads\/2023\/03\/45245282_210731-2.xls\">45245282_210731-2<\/a><a href=\"https:\/\/www.concordiainvest.cz\/wp-content\/uploads\/2023\/03\/45245282_210731-2.xls\" class=\"wp-block-file__button wp-element-button\" download aria-describedby=\"wp-block-file--media-8e232291-2b5f-4648-bd29-8f8928d906cd\">St\u00e1hnout<\/a><\/div>\n\n\n\n<div class=\"wp-block-file\"><a id=\"wp-block-file--media-5ad8bb9a-9911-41fd-827b-03ef39f2abd9\" href=\"https:\/\/www.concordiainvest.cz\/wp-content\/uploads\/2023\/03\/45245282_210630-2.xls\">45245282_210630-2<\/a><a href=\"https:\/\/www.concordiainvest.cz\/wp-content\/uploads\/2023\/03\/45245282_210630-2.xls\" class=\"wp-block-file__button wp-element-button\" download aria-describedby=\"wp-block-file--media-5ad8bb9a-9911-41fd-827b-03ef39f2abd9\">St\u00e1hnout<\/a><\/div>\n\n\n\n<p><strong>Rok 2020<\/strong><\/p>\n\n\n\n<div class=\"wp-block-file\"><a id=\"wp-block-file--media-e25727da-bc4e-480e-8b53-d434a478e953\" href=\"https:\/\/www.concordiainvest.cz\/wp-content\/uploads\/2023\/03\/45245282_200430-2.xls\">45245282_200430-2<\/a><a href=\"https:\/\/www.concordiainvest.cz\/wp-content\/uploads\/2023\/03\/45245282_200430-2.xls\" class=\"wp-block-file__button wp-element-button\" download aria-describedby=\"wp-block-file--media-e25727da-bc4e-480e-8b53-d434a478e953\">St\u00e1hnout<\/a><\/div>\n\n\n\n<div class=\"wp-block-file\"><a id=\"wp-block-file--media-c3e76e6f-98d7-4e46-b6ea-2f50f01b697f\" href=\"https:\/\/www.concordiainvest.cz\/wp-content\/uploads\/2023\/03\/45245282_200531-2.xls\">45245282_200531-2<\/a><a href=\"https:\/\/www.concordiainvest.cz\/wp-content\/uploads\/2023\/03\/45245282_200531-2.xls\" class=\"wp-block-file__button wp-element-button\" download aria-describedby=\"wp-block-file--media-c3e76e6f-98d7-4e46-b6ea-2f50f01b697f\">St\u00e1hnout<\/a><\/div>\n\n\n\n<div class=\"wp-block-file\"><a id=\"wp-block-file--media-44b8e11b-cbae-4514-8330-833f41040113\" href=\"https:\/\/www.concordiainvest.cz\/wp-content\/uploads\/2023\/03\/45245282_200630-2.xls\">45245282_200630-2<\/a><a href=\"https:\/\/www.concordiainvest.cz\/wp-content\/uploads\/2023\/03\/45245282_200630-2.xls\" class=\"wp-block-file__button wp-element-button\" download aria-describedby=\"wp-block-file--media-44b8e11b-cbae-4514-8330-833f41040113\">St\u00e1hnout<\/a><\/div>\n\n\n\n<div class=\"wp-block-file\"><a id=\"wp-block-file--media-2959d6ab-da59-41c2-8fb2-d7c5ca71f98c\" href=\"https:\/\/www.concordiainvest.cz\/wp-content\/uploads\/2023\/03\/45245282_200731-2.xls\">45245282_200731-2<\/a><a href=\"https:\/\/www.concordiainvest.cz\/wp-content\/uploads\/2023\/03\/45245282_200731-2.xls\" class=\"wp-block-file__button wp-element-button\" download aria-describedby=\"wp-block-file--media-2959d6ab-da59-41c2-8fb2-d7c5ca71f98c\">St\u00e1hnout<\/a><\/div>\n\n\n\n<div class=\"wp-block-file\"><a id=\"wp-block-file--media-c69e84f7-8625-4771-97fa-75d451126efb\" href=\"https:\/\/www.concordiainvest.cz\/wp-content\/uploads\/2023\/03\/45245282_200831-2.xls\">45245282_200831-2<\/a><a href=\"https:\/\/www.concordiainvest.cz\/wp-content\/uploads\/2023\/03\/45245282_200831-2.xls\" class=\"wp-block-file__button wp-element-button\" download aria-describedby=\"wp-block-file--media-c69e84f7-8625-4771-97fa-75d451126efb\">St\u00e1hnout<\/a><\/div>\n\n\n\n<div class=\"wp-block-file\"><a id=\"wp-block-file--media-5da401af-f187-4387-a136-1386914821c2\" href=\"https:\/\/www.concordiainvest.cz\/wp-content\/uploads\/2023\/03\/45245282_200930-2.xls\">45245282_200930-2<\/a><a href=\"https:\/\/www.concordiainvest.cz\/wp-content\/uploads\/2023\/03\/45245282_200930-2.xls\" class=\"wp-block-file__button wp-element-button\" download aria-describedby=\"wp-block-file--media-5da401af-f187-4387-a136-1386914821c2\">St\u00e1hnout<\/a><\/div>\n\n\n\n<div class=\"wp-block-file\"><a id=\"wp-block-file--media-ac9c5194-1622-4081-9618-60ec2f156b32\" href=\"https:\/\/www.concordiainvest.cz\/wp-content\/uploads\/2023\/03\/45245282_201031-2.xls\">45245282_201031-2<\/a><a href=\"https:\/\/www.concordiainvest.cz\/wp-content\/uploads\/2023\/03\/45245282_201031-2.xls\" class=\"wp-block-file__button wp-element-button\" download aria-describedby=\"wp-block-file--media-ac9c5194-1622-4081-9618-60ec2f156b32\">St\u00e1hnout<\/a><\/div>\n\n\n\n<div class=\"wp-block-file\"><a id=\"wp-block-file--media-63d2d10a-a906-4045-b8ce-821806fb5702\" href=\"https:\/\/www.concordiainvest.cz\/wp-content\/uploads\/2023\/03\/45245282_201130-2.xls\">45245282_201130-2<\/a><a href=\"https:\/\/www.concordiainvest.cz\/wp-content\/uploads\/2023\/03\/45245282_201130-2.xls\" class=\"wp-block-file__button wp-element-button\" download aria-describedby=\"wp-block-file--media-63d2d10a-a906-4045-b8ce-821806fb5702\">St\u00e1hnout<\/a><\/div>\n\n\n\n<div class=\"wp-block-file\"><a id=\"wp-block-file--media-62e6f600-7dab-4e72-99ab-8a09a68ffb52\" href=\"https:\/\/www.concordiainvest.cz\/wp-content\/uploads\/2023\/03\/45245282_201231-2.xls\">45245282_201231-2<\/a><a href=\"https:\/\/www.concordiainvest.cz\/wp-content\/uploads\/2023\/03\/45245282_201231-2.xls\" class=\"wp-block-file__button wp-element-button\" download aria-describedby=\"wp-block-file--media-62e6f600-7dab-4e72-99ab-8a09a68ffb52\">St\u00e1hnout<\/a><\/div>\n\n\n\n<div class=\"wp-block-file\"><a id=\"wp-block-file--media-997c04af-ecd3-45d6-abce-bb398b0dbe71\" href=\"https:\/\/www.concordiainvest.cz\/wp-content\/uploads\/2023\/03\/45245282_200131-2.xls\">45245282_200131-2<\/a><a href=\"https:\/\/www.concordiainvest.cz\/wp-content\/uploads\/2023\/03\/45245282_200131-2.xls\" class=\"wp-block-file__button wp-element-button\" download aria-describedby=\"wp-block-file--media-997c04af-ecd3-45d6-abce-bb398b0dbe71\">St\u00e1hnout<\/a><\/div>\n\n\n\n<div class=\"wp-block-file\"><a id=\"wp-block-file--media-c772f199-e975-4104-892c-2dbf2e901dff\" href=\"https:\/\/www.concordiainvest.cz\/wp-content\/uploads\/2023\/03\/45245282_200229-2.xls\">45245282_200229-2<\/a><a href=\"https:\/\/www.concordiainvest.cz\/wp-content\/uploads\/2023\/03\/45245282_200229-2.xls\" class=\"wp-block-file__button wp-element-button\" download aria-describedby=\"wp-block-file--media-c772f199-e975-4104-892c-2dbf2e901dff\">St\u00e1hnout<\/a><\/div>\n\n\n\n<div class=\"wp-block-file\"><a id=\"wp-block-file--media-124b9667-82cc-4abb-934d-8ee30078e581\" href=\"https:\/\/www.concordiainvest.cz\/wp-content\/uploads\/2023\/03\/45245282_200331-2.xls\">45245282_200331-2<\/a><a href=\"https:\/\/www.concordiainvest.cz\/wp-content\/uploads\/2023\/03\/45245282_200331-2.xls\" class=\"wp-block-file__button wp-element-button\" download aria-describedby=\"wp-block-file--media-124b9667-82cc-4abb-934d-8ee30078e581\">St\u00e1hnout<\/a><\/div>\n\n\n\n<p><strong>Rok 2019<\/strong><\/p>\n\n\n\n<div class=\"wp-block-file\"><a id=\"wp-block-file--media-29c6bfc8-44c9-4d32-b13c-1aa4a227def8\" href=\"https:\/\/www.concordiainvest.cz\/wp-content\/uploads\/2023\/03\/45245282_190831-2.xls\">45245282_190831-2<\/a><a href=\"https:\/\/www.concordiainvest.cz\/wp-content\/uploads\/2023\/03\/45245282_190831-2.xls\" class=\"wp-block-file__button wp-element-button\" download aria-describedby=\"wp-block-file--media-29c6bfc8-44c9-4d32-b13c-1aa4a227def8\">St\u00e1hnout<\/a><\/div>\n\n\n\n<div class=\"wp-block-file\"><a id=\"wp-block-file--media-6e6723a9-47b7-4064-9fcf-e155db6e4395\" href=\"https:\/\/www.concordiainvest.cz\/wp-content\/uploads\/2023\/03\/45245282_190930-2.xls\">45245282_190930-2<\/a><a href=\"https:\/\/www.concordiainvest.cz\/wp-content\/uploads\/2023\/03\/45245282_190930-2.xls\" class=\"wp-block-file__button wp-element-button\" download aria-describedby=\"wp-block-file--media-6e6723a9-47b7-4064-9fcf-e155db6e4395\">St\u00e1hnout<\/a><\/div>\n\n\n\n<div class=\"wp-block-file\"><a id=\"wp-block-file--media-d6b170dc-ad2b-453c-a3b9-0918940bba3a\" href=\"https:\/\/www.concordiainvest.cz\/wp-content\/uploads\/2023\/03\/45245282_191031-2.xls\">45245282_191031-2<\/a><a href=\"https:\/\/www.concordiainvest.cz\/wp-content\/uploads\/2023\/03\/45245282_191031-2.xls\" class=\"wp-block-file__button wp-element-button\" download aria-describedby=\"wp-block-file--media-d6b170dc-ad2b-453c-a3b9-0918940bba3a\">St\u00e1hnout<\/a><\/div>\n\n\n\n<div class=\"wp-block-file\"><a id=\"wp-block-file--media-63c82ce5-c0da-424e-bc74-cd9c81b50162\" href=\"https:\/\/www.concordiainvest.cz\/wp-content\/uploads\/2023\/03\/45245282_191130-2.xls\">45245282_191130-2<\/a><a href=\"https:\/\/www.concordiainvest.cz\/wp-content\/uploads\/2023\/03\/45245282_191130-2.xls\" class=\"wp-block-file__button wp-element-button\" download aria-describedby=\"wp-block-file--media-63c82ce5-c0da-424e-bc74-cd9c81b50162\">St\u00e1hnout<\/a><\/div>\n\n\n\n<div class=\"wp-block-file\"><a id=\"wp-block-file--media-4055890c-d4d9-44e7-9484-acc05026cd44\" href=\"https:\/\/www.concordiainvest.cz\/wp-content\/uploads\/2023\/03\/45245282_191231-2.xls\">45245282_191231-2<\/a><a href=\"https:\/\/www.concordiainvest.cz\/wp-content\/uploads\/2023\/03\/45245282_191231-2.xls\" class=\"wp-block-file__button wp-element-button\" download aria-describedby=\"wp-block-file--media-4055890c-d4d9-44e7-9484-acc05026cd44\">St\u00e1hnout<\/a><\/div>\n\n\n\n<div class=\"wp-block-file\"><a id=\"wp-block-file--media-0d35c027-a62c-4395-a47d-1dc39dc73533\" href=\"https:\/\/www.concordiainvest.cz\/wp-content\/uploads\/2023\/03\/45245282_190531-2.xls\">45245282_190531-2<\/a><a href=\"https:\/\/www.concordiainvest.cz\/wp-content\/uploads\/2023\/03\/45245282_190531-2.xls\" class=\"wp-block-file__button wp-element-button\" download aria-describedby=\"wp-block-file--media-0d35c027-a62c-4395-a47d-1dc39dc73533\">St\u00e1hnout<\/a><\/div>\n\n\n\n<div class=\"wp-block-file\"><a id=\"wp-block-file--media-82fac620-358a-47a4-92d5-848edfc2ea76\" href=\"https:\/\/www.concordiainvest.cz\/wp-content\/uploads\/2023\/03\/45245282_190630-2.xls\">45245282_190630-2<\/a><a href=\"https:\/\/www.concordiainvest.cz\/wp-content\/uploads\/2023\/03\/45245282_190630-2.xls\" class=\"wp-block-file__button wp-element-button\" download aria-describedby=\"wp-block-file--media-82fac620-358a-47a4-92d5-848edfc2ea76\">St\u00e1hnout<\/a><\/div>\n\n\n\n<div class=\"wp-block-file\"><a id=\"wp-block-file--media-cb60bd48-e2f8-4835-91b8-8aff54042608\" href=\"https:\/\/www.concordiainvest.cz\/wp-content\/uploads\/2023\/03\/45245282_190731-2.xls\">45245282_190731-2<\/a><a href=\"https:\/\/www.concordiainvest.cz\/wp-content\/uploads\/2023\/03\/45245282_190731-2.xls\" class=\"wp-block-file__button wp-element-button\" download aria-describedby=\"wp-block-file--media-cb60bd48-e2f8-4835-91b8-8aff54042608\">St\u00e1hnout<\/a><\/div>\n\n\n\n<p><strong>Rok 2018<\/strong><\/p>\n\n\n\n<p><\/p>\n","protected":false},"excerpt":{"rendered":"<p>P\u0159\u00edslu\u0161en\u00e9 obdob\u00ed odpov\u00edd\u00e1 n\u00e1zvu souboru dle syntaxe &#8222;I\u010cO&#8230;._YYMMDD&#8220;. Rok 2023 Rok 2022 Rok 2021 Rok 2020 Rok 2019 Rok 2018<\/p>\n","protected":false},"author":1,"featured_media":0,"parent":0,"menu_order":2,"comment_status":"closed","ping_status":"closed","template":"","meta":{"footnotes":""},"class_list":["post-153","page","type-page","status-publish","hentry"],"_links":{"self":[{"href":"https:\/\/www.concordiainvest.cz\/index.php?rest_route=\/wp\/v2\/pages\/153","targetHints":{"allow":["GET"]}}],"collection":[{"href":"https:\/\/www.concordiainvest.cz\/index.php?rest_route=\/wp\/v2\/pages"}],"about":[{"href":"https:\/\/www.concordiainvest.cz\/index.php?rest_route=\/wp\/v2\/types\/page"}],"author":[{"embeddable":true,"href":"https:\/\/www.concordiainvest.cz\/index.php?rest_route=\/wp\/v2\/users\/1"}],"replies":[{"embeddable":true,"href":"https:\/\/www.concordiainvest.cz\/index.php?rest_route=%2Fwp%2Fv2%2Fcomments&post=153"}],"version-history":[{"count":7,"href":"https:\/\/www.concordiainvest.cz\/index.php?rest_route=\/wp\/v2\/pages\/153\/revisions"}],"predecessor-version":[{"id":300,"href":"https:\/\/www.concordiainvest.cz\/index.php?rest_route=\/wp\/v2\/pages\/153\/revisions\/300"}],"wp:attachment":[{"href":"https:\/\/www.concordiainvest.cz\/index.php?rest_route=%2Fwp%2Fv2%2Fmedia&parent=153"}],"curies":[{"name":"wp","href":"https:\/\/api.w.org\/{rel}","templated":true}]}}